{"id":18,"date":"2019-08-03T13:39:03","date_gmt":"2019-08-03T13:39:03","guid":{"rendered":"http:\/\/oberharzer-schuetzenbund.de\/?page_id=18"},"modified":"2024-01-05T13:27:12","modified_gmt":"2024-01-05T13:27:12","slug":"impressum","status":"publish","type":"page","link":"https:\/\/oberharzer-schuetzenbund.de\/?page_id=18","title":{"rendered":"Impressum"},"content":{"rendered":"\n<p> Angaben gem\u00e4\u00df \u00a7 5 TMG<br> Oberharzer Sch\u00fctzenbund e.V.<br> Zellbach 36,  38678 Clausthal-Zellerfeld<br> Vereinsregister: 170003,   Registergericht: Amtsgericht Braunschweig<\/p>\n\n\n\n<p>Vertreten durch: <\/p>\n\n\n\n<p>Vorsitzender: Hartmut Wawrzinek, 38678 Clausthal-Zellerfeld<\/p>\n\n\n\n<p>stellvertr. Vorsitzender: Michael Peinemann, 38707 Altenau<br><\/p>\n\n\n\n<p><strong> Kontakt <\/strong>( Wawrzinek ):   Telefon: 05323\/78589 <br> E-Mail: Hartmut@Wawrzinek.net<\/p>\n\n\n\n<p><br> Verantwortlich f\u00fcr den Inhalt nach \u00a7 55 Abs. 2 RStV<br> Hartmut Wawrzinek, Zellbach 36, 38678 Clausthal-Zellerfeld<\/p>\n\n\n\n<p><br> Wir sind nicht bereit oder verpflichtet, an Streitbeilegungsverfahren vor einer<br> Verbraucherschlichtungsstelle teilzunehmen.<\/p>\n\n\n\n<p><br> <strong>Haftung f\u00fcr Inhalte<\/strong><br> Als Diensteanbieter sind wir gem\u00e4\u00df \u00a7 7 Abs.1 TMG f\u00fcr eigene Inhalte auf diesen Seiten nach den  allgemeinen Gesetzen verantwortlich. Nach \u00a7\u00a7 8 bis 10 TMG sind wir als Diensteanbieter jedoch nicht  verpflichtet, \u00fcbermittelte oder gespeicherte fremde Informationen zu \u00fcberwachen oder nach Umst\u00e4nden zu  forschen, die auf eine rechtswidrige T\u00e4tigkeit hinweisen.<br> Verpflichtungen zur Entfernung oder Sperrung der Nutzung von Informationen nach den allgemeinen  Gesetzen bleiben hiervon unber\u00fchrt. Eine diesbez\u00fcgliche Haftung ist jedoch erst ab dem Zeitpunkt der  Kenntnis einer konkreten Rechtsverletzung m\u00f6glich. Bei Bekanntwerden von entsprechenden<br> Rechtsverletzungen werden wir diese Inhalte umgehend entfernen.<br>  <br><strong> Haftung f\u00fcr Links<\/strong><br> Unser Angebot enth\u00e4lt Links zu externen Websites Dritter, auf deren Inhalte wir keinen Einfluss haben.<br> Deshalb k\u00f6nnen wir f\u00fcr diese fremden Inhalte auch keine Gew\u00e4hr \u00fcbernehmen. F\u00fcr die Inhalte der  verlinkten Seiten ist stets der jeweilige Anbieter oder Betreiber der Seiten verantwortlich. Die verlinkten  Seiten wurden zum Zeitpunkt der Verlinkung auf m\u00f6gliche Rechtsverst\u00f6\u00dfe \u00fcberpr\u00fcft. Rechtswidrige Inhalte  waren zum Zeitpunkt der Verlinkung nicht erkennbar.<br> Eine permanente inhaltliche Kontrolle der verlinkten Seiten ist jedoch ohne konkrete Anhaltspunkte einer  Rechtsverletzung nicht zumutbar. Bei Bekanntwerden von Rechtsverletzungen werden wir derartige Links  umgehend entfernen.<\/p>\n\n\n\n<p><strong>Urheberrecht<\/strong><br>Die durch die Seitenbetreiber <strong>erstellten Inhalte und Werke auf diesen Seiten unterliegen dem deutschen  Urheberrecht<\/strong>.<strong> Die Vervielf\u00e4ltigung, Bearbeitung, Verbreitung und jede Art der Verwertung au\u00dferhalb der  Grenzen des Urheberrechtes bed\u00fcrfen der schriftlichen Zustimmung des jeweiligen Autors bzw. Erstellers.<br>Downloads und Kopien dieser Seite sind nur f\u00fcr den privaten, nicht kommerziellen Gebrauch gestattet.<\/strong><br> Soweit die Inhalte auf dieser Seite nicht vom Betreiber erstellt wurden, werden die Urheberrechte Dritter  beachtet. Insbesondere werden Inhalte Dritter als solche gekennzeichnet. Sollten Sie trotzdem auf eine  Urheberrechtsverletzung aufmerksam werden, bitten wir um einen entsprechenden Hinweis. <\/p>\n\n\n\n<p>Bei Bekanntwerden von Rechtsverletzungen werden wir derartige Inhalte umgehend entfernen.<br> Quelle:<br> e-recht24.de<\/p>\n","protected":false},"excerpt":{"rendered":"<p>Angaben gem\u00e4\u00df \u00a7 5 TMG Oberharzer Sch\u00fctzenbund e.V. Zellbach 36, 38678 Clausthal-Zellerfeld Vereinsregister: 170003, Registergericht: Amtsgericht Braunschweig Vertreten durch: Vorsitzender: Hartmut Wawrzinek, 38678 Clausthal-Zellerfeld stellvertr. Vorsitzender: Michael Peinemann, 38707 Altenau Kontakt ( Wawrzinek ): Telefon: 05323\/78589 E-Mail: Hartmut@Wawrzinek.net Verantwortlich f\u00fcr den Inhalt nach \u00a7 55 Abs. 2 RStV Hartmut Wawrzinek, Zellbach 36, 38678 Clausthal-Zellerfeld Wir &hellip; <a href=\"https:\/\/oberharzer-schuetzenbund.de\/?page_id=18\" class=\"more-link\"><span class=\"screen-reader-text\">\u201eImpressum\u201c <\/span>weiterlesen<\/a><\/p>\n","protected":false},"author":1,"featured_media":0,"parent":0,"menu_order":0,"comment_status":"closed","ping_status":"closed","template":"","meta":{"ngg_post_thumbnail":0,"footnotes":""},"class_list":["post-18","page","type-page","status-publish","hentry"],"_links":{"self":[{"href":"https:\/\/oberharzer-schuetzenbund.de\/index.php?rest_route=\/wp\/v2\/pages\/18","targetHints":{"allow":["GET"]}}],"collection":[{"href":"https:\/\/oberharzer-schuetzenbund.de\/index.php?rest_route=\/wp\/v2\/pages"}],"about":[{"href":"https:\/\/oberharzer-schuetzenbund.de\/index.php?rest_route=\/wp\/v2\/types\/page"}],"author":[{"embeddable":true,"href":"https:\/\/oberharzer-schuetzenbund.de\/index.php?rest_route=\/wp\/v2\/users\/1"}],"replies":[{"embeddable":true,"href":"https:\/\/oberharzer-schuetzenbund.de\/index.php?rest_route=%2Fwp%2Fv2%2Fcomments&post=18"}],"version-history":[{"count":4,"href":"https:\/\/oberharzer-schuetzenbund.de\/index.php?rest_route=\/wp\/v2\/pages\/18\/revisions"}],"predecessor-version":[{"id":2265,"href":"https:\/\/oberharzer-schuetzenbund.de\/index.php?rest_route=\/wp\/v2\/pages\/18\/revisions\/2265"}],"wp:attachment":[{"href":"https:\/\/oberharzer-schuetzenbund.de\/index.php?rest_route=%2Fwp%2Fv2%2Fmedia&parent=18"}],"curies":[{"name":"wp","href":"https:\/\/api.w.org\/{rel}","templated":true}]}}