{"id":181,"date":"2019-08-06T08:33:35","date_gmt":"2019-08-06T08:33:35","guid":{"rendered":"http:\/\/oberharzer-schuetzenbund.de\/?page_id=181"},"modified":"2026-03-24T21:07:34","modified_gmt":"2026-03-24T21:07:34","slug":"formulare","status":"publish","type":"page","link":"https:\/\/oberharzer-schuetzenbund.de\/?page_id=181","title":{"rendered":"Formulare"},"content":{"rendered":"\n<h4 class=\"wp-block-heading\"><\/h4>\n\n\n\n<p><\/p>\n\n\n\n<h4 class=\"wp-block-heading has-text-align-left\"> Schie\u00dfsport <\/h4>\n\n\n\n<div class=\"wp-block-group\"><div class=\"wp-block-group__inner-container is-layout-constrained wp-block-group-is-layout-constrained\">\n<div class=\"wp-block-columns is-layout-flex wp-container-core-columns-is-layout-9d6595d7 wp-block-columns-is-layout-flex\">\n<div class=\"wp-block-column is-layout-flow wp-block-column-is-layout-flow\" style=\"flex-basis:50%\">\n<div class=\"wp-block-file\"><a id=\"wp-block-file--media-bab3990c-26fb-4e58-a9d6-1e2ccaff2057\" href=\"https:\/\/oberharzer-schuetzenbund.de\/wp-content\/uploads\/2025\/03\/Anmeldung-fuer-Wettkaempfe-v3.1.pdf\" target=\"_blank\" rel=\"noreferrer noopener\"> <img loading=\"lazy\" decoding=\"async\" width=\"30\" height=\"32\" class=\"wp-image-218\" style=\"width: 30px;\" src=\"https:\/\/oberharzer-schuetzenbund.de\/wp-content\/uploads\/2019\/08\/OHS-Wappen.jpg\" alt=\"\" srcset=\"https:\/\/oberharzer-schuetzenbund.de\/wp-content\/uploads\/2019\/08\/OHS-Wappen.jpg 400w, https:\/\/oberharzer-schuetzenbund.de\/wp-content\/uploads\/2019\/08\/OHS-Wappen-284x300.jpg 284w\" sizes=\"auto, (max-width: 30px) 85vw, 30px\" \/>   Anmeldung fuer Wettkaempfe v3.1<\/a><\/div>\n<\/div>\n<\/div>\n<\/div><\/div>\n\n\n\n<div class=\"wp-block-file\"><a id=\"wp-block-file--media-25f7dad7-b6b1-4515-afe1-893bd5bc5881\" href=\"https:\/\/oberharzer-schuetzenbund.de\/wp-content\/uploads\/2025\/03\/Ergebnisse-fuer-Wettkaempfe-v2.3.pdf\" target=\"_blank\" rel=\"noreferrer noopener\"> <img loading=\"lazy\" decoding=\"async\" width=\"30\" height=\"32\" class=\"wp-image-218\" style=\"width: 30px;\" src=\"https:\/\/oberharzer-schuetzenbund.de\/wp-content\/uploads\/2019\/08\/OHS-Wappen.jpg\" alt=\"\" srcset=\"https:\/\/oberharzer-schuetzenbund.de\/wp-content\/uploads\/2019\/08\/OHS-Wappen.jpg 400w, https:\/\/oberharzer-schuetzenbund.de\/wp-content\/uploads\/2019\/08\/OHS-Wappen-284x300.jpg 284w\" sizes=\"auto, (max-width: 30px) 85vw, 30px\" \/> Ergebnisse fuer Wettkaempfe v2.3<\/a><\/div>\n\n\n\n<p style=\"line-height:0.4\"><\/p>\n\n\n\n<div class=\"wp-block-file\"><a id=\"wp-block-file--media-7945a89d-212b-4b2a-b167-305ea58af9a1\" href=\"https:\/\/oberharzer-schuetzenbund.de\/wp-content\/uploads\/2025\/03\/Start-zur-Landesmeisterschaft._2.1.pdf\" target=\"_blank\" rel=\"noreferrer noopener\"> <img loading=\"lazy\" decoding=\"async\" width=\"30\" height=\"32\" class=\"wp-image-218\" style=\"width: 30px;\" src=\"https:\/\/oberharzer-schuetzenbund.de\/wp-content\/uploads\/2019\/08\/OHS-Wappen.jpg\" alt=\"\" srcset=\"https:\/\/oberharzer-schuetzenbund.de\/wp-content\/uploads\/2019\/08\/OHS-Wappen.jpg 400w, https:\/\/oberharzer-schuetzenbund.de\/wp-content\/uploads\/2019\/08\/OHS-Wappen-284x300.jpg 284w\" sizes=\"auto, (max-width: 30px) 85vw, 30px\" \/>Start zur Landesmeisterschaft._2.1<\/a><\/div>\n\n\n\n<p><\/p>\n\n\n\n<p><img loading=\"lazy\" decoding=\"async\" width=\"30\" height=\"31\" class=\"wp-image-565\" style=\"width: 30px;\" src=\"https:\/\/oberharzer-schuetzenbund.de\/wp-content\/uploads\/2019\/10\/NSSV_Wappen.png\" alt=\"\" srcset=\"https:\/\/oberharzer-schuetzenbund.de\/wp-content\/uploads\/2019\/10\/NSSV_Wappen.png 158w, https:\/\/oberharzer-schuetzenbund.de\/wp-content\/uploads\/2019\/10\/NSSV_Wappen-150x150.png 150w, https:\/\/oberharzer-schuetzenbund.de\/wp-content\/uploads\/2019\/10\/NSSV_Wappen-100x100.png 100w\" sizes=\"auto, (max-width: 30px) 85vw, 30px\" \/>  <a rel=\"noreferrer noopener\" href=\"https:\/\/www.nssv.de\/infothek\/download\/sport\/antrag-startrechte-h%C3%B6hermeldung\" target=\"_blank\">Antr\u00e4ge und Info f\u00fcr Startrechte, H\u00f6hermeldungen<\/a><\/p>\n\n\n\n<p><a href=\"https:\/\/nssv.de\/recht\/waffenrecht\/information-waffenrecht\" target=\"_blank\" rel=\"noreferrer noopener\"><strong> <\/strong><\/a><img loading=\"lazy\" decoding=\"async\" width=\"30\" height=\"31\" class=\"wp-image-565\" style=\"width: 30px;\" src=\"https:\/\/oberharzer-schuetzenbund.de\/wp-content\/uploads\/2019\/10\/NSSV_Wappen.png\" alt=\"\" srcset=\"https:\/\/oberharzer-schuetzenbund.de\/wp-content\/uploads\/2019\/10\/NSSV_Wappen.png 158w, https:\/\/oberharzer-schuetzenbund.de\/wp-content\/uploads\/2019\/10\/NSSV_Wappen-150x150.png 150w, https:\/\/oberharzer-schuetzenbund.de\/wp-content\/uploads\/2019\/10\/NSSV_Wappen-100x100.png 100w\" sizes=\"auto, (max-width: 30px) 85vw, 30px\" \/><a href=\"https:\/\/nssv.de\/recht\/waffenrecht\/information-waffenrecht\" target=\"_blank\" rel=\"noreferrer noopener\"><strong>   <\/strong>Informationen und Formulare zum Waffenrecht ( Stand Mai 2024) <\/a><\/p>\n\n\n\n<p><a href=\"https:\/\/nssv.de\/recht\/waffenrecht\/formulare-bed\u00fcrfnisbescheinigung\" target=\"_blank\" rel=\"noreferrer noopener\"><a href=\"https:\/\/nssv.de\/recht\/waffenrecht\/formulare-bed\u00fcrfnisbescheinigung\" target=\"_blank\" rel=\"noreferrer noopener\"><img loading=\"lazy\" decoding=\"async\" width=\"30\" height=\"31\" class=\"wp-image-565\" style=\"width: 30px;\" src=\"https:\/\/oberharzer-schuetzenbund.de\/wp-content\/uploads\/2019\/10\/NSSV_Wappen.png\" alt=\"\" srcset=\"https:\/\/oberharzer-schuetzenbund.de\/wp-content\/uploads\/2019\/10\/NSSV_Wappen.png 158w, https:\/\/oberharzer-schuetzenbund.de\/wp-content\/uploads\/2019\/10\/NSSV_Wappen-150x150.png 150w, https:\/\/oberharzer-schuetzenbund.de\/wp-content\/uploads\/2019\/10\/NSSV_Wappen-100x100.png 100w\" sizes=\"auto, (max-width: 30px) 85vw, 30px\" \/><\/a> Formulare und Checklisten f\u00fcr Beduerfnisbescheinigungen (Stand 2026)<\/a><\/p>\n\n\n\n<p><\/p>\n\n\n\n<h4 class=\"wp-block-heading\">Ausbildung<\/h4>\n\n\n\n<div class=\"wp-block-file\"><a href=\"https:\/\/oberharzer-schuetzenbund.de\/wp-content\/uploads\/2024\/12\/Anmeldeformular-OHS.pdf\" target=\"_blank\" rel=\"noreferrer noopener\"> <img loading=\"lazy\" decoding=\"async\" width=\"30\" height=\"32\" class=\"wp-image-218\" style=\"width: 30px;\" src=\"https:\/\/oberharzer-schuetzenbund.de\/wp-content\/uploads\/2019\/08\/OHS-Wappen.jpg\" alt=\"\" srcset=\"https:\/\/oberharzer-schuetzenbund.de\/wp-content\/uploads\/2019\/08\/OHS-Wappen.jpg 400w, https:\/\/oberharzer-schuetzenbund.de\/wp-content\/uploads\/2019\/08\/OHS-Wappen-284x300.jpg 284w\" sizes=\"auto, (max-width: 30px) 85vw, 30px\" \/>  Anmeldung zu diversen Lehrg\u00e4ngen des OHS<\/a><\/div>\n\n\n\n<h4 class=\"wp-block-heading\">Mitgliedermeldungen, Ausweise<\/h4>\n\n\n\n<div class=\"wp-block-file\"><a href=\"https:\/\/oberharzer-schuetzenbund.de\/wp-content\/uploads\/2024\/12\/Meldung-Vereinsvorstaende-4.2.pdf\" target=\"_blank\" rel=\"noreferrer noopener\"> <img loading=\"lazy\" decoding=\"async\" width=\"30\" height=\"32\" class=\"wp-image-218\" style=\"width: 30px;\" src=\"https:\/\/oberharzer-schuetzenbund.de\/wp-content\/uploads\/2019\/08\/OHS-Wappen.jpg\" alt=\"\" srcset=\"https:\/\/oberharzer-schuetzenbund.de\/wp-content\/uploads\/2019\/08\/OHS-Wappen.jpg 400w, https:\/\/oberharzer-schuetzenbund.de\/wp-content\/uploads\/2019\/08\/OHS-Wappen-284x300.jpg 284w\" sizes=\"auto, (max-width: 30px) 85vw, 30px\" \/> Meldung  Vereinsvorstaende 4.2<\/a><\/div>\n\n\n\n<div class=\"wp-block-file\"><a id=\"wp-block-file--media-cba9a54f-c0f4-4d9c-93c2-2299eb20a5b4\" href=\"https:\/\/oberharzer-schuetzenbund.de\/wp-content\/uploads\/2025\/03\/Mitgliedermeldung-2.2.pdf\" target=\"_blank\" rel=\"noreferrer noopener\">Mitgliedermeldung 2.2<\/a><\/div>\n\n\n\n<p style=\"line-height:0.7\"><\/p>\n\n\n\n<p style=\"line-height:0.3\"><\/p>\n\n\n\n<h4 class=\"wp-block-heading\"> Verwaltung \/ Wahlen \/ sonstige Meldungen<\/h4>\n\n\n\n<p style=\"line-height:0\"><\/p>\n\n\n\n<div class=\"wp-block-file\"><a href=\"https:\/\/oberharzer-schuetzenbund.de\/wp-content\/uploads\/2021\/07\/Vordruck-Meldung-der-Delegierten-zum-OHS.xlsx\" target=\"_blank\" rel=\"noreferrer noopener\"><img loading=\"lazy\" decoding=\"async\" width=\"30\" height=\"30\" class=\"wp-image-219\" style=\"width: 30px;\" src=\"https:\/\/oberharzer-schuetzenbund.de\/wp-content\/uploads\/2019\/08\/cropped-OHS-Wappen.jpg\" alt=\"\" srcset=\"https:\/\/oberharzer-schuetzenbund.de\/wp-content\/uploads\/2019\/08\/cropped-OHS-Wappen.jpg 512w, https:\/\/oberharzer-schuetzenbund.de\/wp-content\/uploads\/2019\/08\/cropped-OHS-Wappen-150x150.jpg 150w, https:\/\/oberharzer-schuetzenbund.de\/wp-content\/uploads\/2019\/08\/cropped-OHS-Wappen-300x300.jpg 300w, https:\/\/oberharzer-schuetzenbund.de\/wp-content\/uploads\/2019\/08\/cropped-OHS-Wappen-100x100.jpg 100w, https:\/\/oberharzer-schuetzenbund.de\/wp-content\/uploads\/2019\/08\/cropped-OHS-Wappen-270x270.jpg 270w, https:\/\/oberharzer-schuetzenbund.de\/wp-content\/uploads\/2019\/08\/cropped-OHS-Wappen-192x192.jpg 192w, https:\/\/oberharzer-schuetzenbund.de\/wp-content\/uploads\/2019\/08\/cropped-OHS-Wappen-180x180.jpg 180w, https:\/\/oberharzer-schuetzenbund.de\/wp-content\/uploads\/2019\/08\/cropped-OHS-Wappen-32x32.jpg 32w\" sizes=\"auto, (max-width: 30px) 85vw, 30px\" \/> Meldung der Delegierten zum OHS<\/a><\/div>\n\n\n\n<div class=\"wp-block-file\"><a href=\"https:\/\/oberharzer-schuetzenbund.de\/wp-content\/uploads\/2021\/07\/Reisekostenabrechnung-an-OHS.xlsx\" target=\"_blank\" rel=\"noreferrer noopener\"><img loading=\"lazy\" decoding=\"async\" width=\"30\" height=\"32\" class=\"wp-image-218\" style=\"width: 30px;\" src=\"https:\/\/oberharzer-schuetzenbund.de\/wp-content\/uploads\/2019\/08\/OHS-Wappen.jpg\" alt=\"\" srcset=\"https:\/\/oberharzer-schuetzenbund.de\/wp-content\/uploads\/2019\/08\/OHS-Wappen.jpg 400w, https:\/\/oberharzer-schuetzenbund.de\/wp-content\/uploads\/2019\/08\/OHS-Wappen-284x300.jpg 284w\" sizes=\"auto, (max-width: 30px) 85vw, 30px\" \/>  Reisekostenabrechnung an OHS<\/a><\/div>\n\n\n\n<p><\/p>\n\n\n\n<h3 class=\"wp-block-heading\"><strong>Ehrungen<\/strong><\/h3>\n\n\n\n<div class=\"wp-block-file\"><a id=\"wp-block-file--media-85873967-0a3b-4254-863a-78345b6d3dd8\" href=\"https:\/\/oberharzer-schuetzenbund.de\/wp-content\/uploads\/2026\/03\/Ehrungsordnung-OHS-vom-14.3.2026.pdf\" target=\"_blank\" rel=\"noreferrer noopener\"><img loading=\"lazy\" decoding=\"async\" width=\"30\" height=\"32\" class=\"wp-image-218\" style=\"width: 30px;\" src=\"https:\/\/oberharzer-schuetzenbund.de\/wp-content\/uploads\/2019\/08\/OHS-Wappen.jpg\" alt=\"\" srcset=\"https:\/\/oberharzer-schuetzenbund.de\/wp-content\/uploads\/2019\/08\/OHS-Wappen.jpg 400w, https:\/\/oberharzer-schuetzenbund.de\/wp-content\/uploads\/2019\/08\/OHS-Wappen-284x300.jpg 284w\" sizes=\"auto, (max-width: 30px) 85vw, 30px\" \/>  Ehrungsordnung des OHS   (Stand  14.3.2026)  <\/a><\/div>\n\n\n\n<p><\/p>\n\n\n\n<div class=\"wp-block-file\"><a href=\"https:\/\/oberharzer-schuetzenbund.de\/wp-content\/uploads\/2024\/01\/Ehrung-langjaehriger-Mitglieder-Antrag-1.docx\" target=\"_blank\" rel=\"noreferrer noopener\"> <img loading=\"lazy\" decoding=\"async\" width=\"30\" height=\"32\" class=\"wp-image-218\" style=\"width: 30px;\" src=\"https:\/\/oberharzer-schuetzenbund.de\/wp-content\/uploads\/2019\/08\/OHS-Wappen.jpg\" alt=\"\" srcset=\"https:\/\/oberharzer-schuetzenbund.de\/wp-content\/uploads\/2019\/08\/OHS-Wappen.jpg 400w, https:\/\/oberharzer-schuetzenbund.de\/wp-content\/uploads\/2019\/08\/OHS-Wappen-284x300.jpg 284w\" sizes=\"auto, (max-width: 30px) 85vw, 30px\" \/>  Ehrung langjaehriger Mitglieder -Antrag an KSV <\/a><\/div>\n\n\n\n<p><\/p>\n\n\n\n<div class=\"wp-block-file\"><a href=\"https:\/\/oberharzer-schuetzenbund.de\/wp-content\/uploads\/2024\/01\/Ehrung-mit-Verdienstnadel-Antrag.docx\" target=\"_blank\" rel=\"noreferrer noopener\"> <img loading=\"lazy\" decoding=\"async\" width=\"30\" height=\"32\" class=\"wp-image-218\" style=\"width: 30px;\" src=\"https:\/\/oberharzer-schuetzenbund.de\/wp-content\/uploads\/2019\/08\/OHS-Wappen.jpg\" alt=\"\" srcset=\"https:\/\/oberharzer-schuetzenbund.de\/wp-content\/uploads\/2019\/08\/OHS-Wappen.jpg 400w, https:\/\/oberharzer-schuetzenbund.de\/wp-content\/uploads\/2019\/08\/OHS-Wappen-284x300.jpg 284w\" sizes=\"auto, (max-width: 30px) 85vw, 30px\" \/>   Ehrung  mit Verdienstnadel  (NSSV Bronze+Silber) + (OHS Bronze-Gold) <\/a><\/div>\n\n\n\n<p><\/p>\n\n\n\n<p><a rel=\"noreferrer noopener\" href=\"https:\/\/www.nssv.de\/infothek\/download\/verwaltung\/antragsvorlage-ober-und-hauptschie%C3%9Fsportleiter\" target=\"_blank\"><\/a> <img loading=\"lazy\" decoding=\"async\" width=\"30\" height=\"31\" class=\"wp-image-565\" style=\"width: 30px;\" src=\"https:\/\/oberharzer-schuetzenbund.de\/wp-content\/uploads\/2019\/10\/NSSV_Wappen.png\" alt=\"\" srcset=\"https:\/\/oberharzer-schuetzenbund.de\/wp-content\/uploads\/2019\/10\/NSSV_Wappen.png 158w, https:\/\/oberharzer-schuetzenbund.de\/wp-content\/uploads\/2019\/10\/NSSV_Wappen-150x150.png 150w, https:\/\/oberharzer-schuetzenbund.de\/wp-content\/uploads\/2019\/10\/NSSV_Wappen-100x100.png 100w\" sizes=\"auto, (max-width: 30px) 85vw, 30px\" \/> <a rel=\"noreferrer noopener\" href=\"https:\/\/www.nssv.de\/index.php\/download\/verwaltung\/931-antragsvorlage-ober-und-hauptschiesssportleiter\" target=\"_blank\"> <\/a><a rel=\"noreferrer noopener\" href=\"https:\/\/www.nssv.de\/infothek\/download\/verwaltung\/antragsvorlage-ober-und-hauptschie%C3%9Fsportleiter\" target=\"_blank\"> Ernennung zum Ober- oder Hauptschie\u00dfsportleiter <\/a>  <\/p>\n\n\n\n<p> <img loading=\"lazy\" decoding=\"async\" width=\"30\" height=\"31\" class=\"wp-image-565\" style=\"width: 30px;\" src=\"https:\/\/oberharzer-schuetzenbund.de\/wp-content\/uploads\/2019\/10\/NSSV_Wappen.png\" alt=\"\" srcset=\"https:\/\/oberharzer-schuetzenbund.de\/wp-content\/uploads\/2019\/10\/NSSV_Wappen.png 158w, https:\/\/oberharzer-schuetzenbund.de\/wp-content\/uploads\/2019\/10\/NSSV_Wappen-150x150.png 150w, https:\/\/oberharzer-schuetzenbund.de\/wp-content\/uploads\/2019\/10\/NSSV_Wappen-100x100.png 100w\" sizes=\"auto, (max-width: 30px) 85vw, 30px\" \/>   <a rel=\"noreferrer noopener\" href=\"https:\/\/www.nssv.de\/infothek\/download\/verwaltung\/antrag-auf-pr%C3%A4sidentennadel\" target=\"_blank\">Antrag auf Verleihung der Pr\u00e4sidentennadel<\/a><\/p>\n\n\n\n<h4 class=\"wp-block-heading\">Mitteilung an den NSSV betr.  Jubil\u00e4en und andere Veranstaltungen<\/h4>\n\n\n\n<p><\/p>\n","protected":false},"excerpt":{"rendered":"<p>Schie\u00dfsport Antr\u00e4ge und Info f\u00fcr Startrechte, H\u00f6hermeldungen Informationen und Formulare zum Waffenrecht ( Stand Mai 2024) Formulare und Checklisten f\u00fcr Beduerfnisbescheinigungen (Stand 2026) Ausbildung Mitgliedermeldungen, Ausweise Verwaltung \/ Wahlen \/ sonstige Meldungen Ehrungen Ernennung zum Ober- oder Hauptschie\u00dfsportleiter Antrag auf Verleihung der Pr\u00e4sidentennadel Mitteilung an den NSSV betr. Jubil\u00e4en und andere Veranstaltungen<\/p>\n","protected":false},"author":1,"featured_media":0,"parent":0,"menu_order":0,"comment_status":"closed","ping_status":"closed","template":"","meta":{"ngg_post_thumbnail":0,"footnotes":""},"class_list":["post-181","page","type-page","status-publish","hentry"],"_links":{"self":[{"href":"https:\/\/oberharzer-schuetzenbund.de\/index.php?rest_route=\/wp\/v2\/pages\/181","targetHints":{"allow":["GET"]}}],"collection":[{"href":"https:\/\/oberharzer-schuetzenbund.de\/index.php?rest_route=\/wp\/v2\/pages"}],"about":[{"href":"https:\/\/oberharzer-schuetzenbund.de\/index.php?rest_route=\/wp\/v2\/types\/page"}],"author":[{"embeddable":true,"href":"https:\/\/oberharzer-schuetzenbund.de\/index.php?rest_route=\/wp\/v2\/users\/1"}],"replies":[{"embeddable":true,"href":"https:\/\/oberharzer-schuetzenbund.de\/index.php?rest_route=%2Fwp%2Fv2%2Fcomments&post=181"}],"version-history":[{"count":77,"href":"https:\/\/oberharzer-schuetzenbund.de\/index.php?rest_route=\/wp\/v2\/pages\/181\/revisions"}],"predecessor-version":[{"id":3038,"href":"https:\/\/oberharzer-schuetzenbund.de\/index.php?rest_route=\/wp\/v2\/pages\/181\/revisions\/3038"}],"wp:attachment":[{"href":"https:\/\/oberharzer-schuetzenbund.de\/index.php?rest_route=%2Fwp%2Fv2%2Fmedia&parent=181"}],"curies":[{"name":"wp","href":"https:\/\/api.w.org\/{rel}","templated":true}]}}