{"id":46,"date":"2019-08-03T15:47:47","date_gmt":"2019-08-03T15:47:47","guid":{"rendered":"http:\/\/oberharzer-schuetzenbund.de\/?page_id=46"},"modified":"2026-03-15T13:33:41","modified_gmt":"2026-03-15T13:33:41","slug":"vorstand","status":"publish","type":"page","link":"https:\/\/oberharzer-schuetzenbund.de\/?page_id=46","title":{"rendered":"Vorstand"},"content":{"rendered":"\n<h6 class=\"wp-block-heading has-text-align-center\">gesch\u00e4ftsf\u00fchrender Vorstand<\/h6>\n\n\n\n<p><\/p>\n\n\n\n<div class=\"wp-block-media-text alignwide is-stacked-on-mobile\" style=\"grid-template-columns:15% auto\"><figure class=\"wp-block-media-text__media\"><img loading=\"lazy\" decoding=\"async\" width=\"100\" height=\"133\" src=\"https:\/\/oberharzer-schuetzenbund.de\/wp-content\/uploads\/2019\/08\/hartmut_100_133.jpg\" alt=\"Pr\u00e4sident Hartmut Wawrzinek Tel. 05323 \/ 78584 Stammverein SG Zellerfeld E-Mail:  Kontakt@Wawrzinek.net\" class=\"wp-image-106 size-full\"\/><\/figure><div class=\"wp-block-media-text__content\">\n<p class=\"has-black-color has-text-color\"><strong>Pr\u00e4sident Hartmut Wawrzinek<\/strong><br>Tel. 05323 \/ 78589<br>Zellbach 36, 38678 Clausthal-Zellerfeld<\/p>\n\n\n\n<p class=\"has-black-color has-text-color\">Stammverein SG Zellerfeld<br><em>E-Mail: <\/em><em><a href=\"mailto: Hartmut@Wawrzinek.net\">Hartmut@Wawrzinek.net<\/a><\/em><\/p>\n<\/div><\/div>\n\n\n\n<div class=\"wp-block-media-text alignwide is-stacked-on-mobile\" style=\"grid-template-columns:15% auto\"><figure class=\"wp-block-media-text__media\"><img loading=\"lazy\" decoding=\"async\" width=\"100\" height=\"133\" src=\"https:\/\/oberharzer-schuetzenbund.de\/wp-content\/uploads\/2019\/08\/michaelpeinemann_100_133-1.jpg\" alt=\"stellvertr. Pr\u00e4sident Michael Peinemann Tel.  05328 \/ 911 801 mobil  0151 \/ 7450 6734 Stammverein SG Clausthal E-Mail: M-Peinemann@t-online.de  E-Mail: M-Peinemann@t-online.de\" class=\"wp-image-114 size-full\"\/><\/figure><div class=\"wp-block-media-text__content\">\n<p><strong>stellvertr. Pr\u00e4sident Michael Peinemann<\/strong><br>Tel. 05328 \/ 911 801<br>mobil 0151 \/ 7450 6734<br>Stammverein SG Clausthal<br><em>E-Mail: <\/em><em><a href=\"mailto: M-Peinemann@t-online.de                 \">M-Peinemann@t-online.de<\/a><\/em><\/p>\n<\/div><\/div>\n\n\n\n<div class=\"wp-block-media-text alignwide is-stacked-on-mobile\" style=\"grid-template-columns:15% auto\"><figure class=\"wp-block-media-text__media\"><img loading=\"lazy\" decoding=\"async\" width=\"100\" height=\"133\" src=\"https:\/\/oberharzer-schuetzenbund.de\/wp-content\/uploads\/2019\/08\/boehncke_100_133-1.jpg\" alt=\"Kreisschatzmeister Klaus-Dieter B\u00f6hnke Tel. 05325 \/ 546 010 Stammverein SG Zellerfeld mailto:kd.boehnke@gmx.net\" class=\"wp-image-115 size-full\"\/><\/figure><div class=\"wp-block-media-text__content\">\n<p><strong>Kreisschatzmeister Klaus-Dieter B\u00f6hnke<\/strong><br>Tel. 05325 \/ 546 010<br>Stammverein SG Zellerfeld<br><em>E-Mail: <\/em><em><a href=\"mailto: kd.boehnke@gmx.net\">kd.boehnke@gmx.net<\/a><\/em><\/p>\n<\/div><\/div>\n\n\n\n<div class=\"wp-block-media-text alignwide is-stacked-on-mobile\" style=\"grid-template-columns:15% auto\"><figure class=\"wp-block-media-text__media\"><img loading=\"lazy\" decoding=\"async\" width=\"100\" height=\"133\" src=\"https:\/\/oberharzer-schuetzenbund.de\/wp-content\/uploads\/2019\/08\/alexandrastein_100_133-1.jpg\" alt=\"Kreisschriftf\u00fchrerin Alexandra Stein Tel. 05323 \/ 780 51 Stammverein SG Clausthal E-Mail: A.Stein-CLZ@web.de\" class=\"wp-image-116 size-full\"\/><\/figure><div class=\"wp-block-media-text__content\">\n<p><strong>Kreisschriftf\u00fchrerin Alexandra Stein<\/strong><br>Tel. 05323 \/ 780 51<br>Stammverein SG Clausthal<br><em>E-Mail: <\/em><em><a href=\"mailto: A.Stein-CLZ@web.de\">A.Stein-CLZ@web.de<\/a><\/em><\/p>\n<\/div><\/div>\n\n\n\n<h6 class=\"wp-block-heading has-text-align-center\"><strong>erweiterter Vorstand<\/strong><\/h6>\n\n\n\n<div class=\"wp-block-media-text alignwide is-stacked-on-mobile\" style=\"grid-template-columns:16% auto\"><figure class=\"wp-block-media-text__media\"><img loading=\"lazy\" decoding=\"async\" width=\"100\" height=\"133\" src=\"https:\/\/oberharzer-schuetzenbund.de\/wp-content\/uploads\/2019\/08\/schindler_100_133.jpg\" alt=\"Kreisschie\u00dfsportleiter Michael Schindler Tel. 05323 \/ 4494 Stammverein SG Clausthal E-Mail: Schindlermichael1@web.de\" class=\"wp-image-110 size-full\"\/><\/figure><div class=\"wp-block-media-text__content\">\n<p><strong>Kreisschie\u00dfsportleiter Michael Schindler<\/strong><br>Tel. 05323 \/ 4494<br>Stammverein SG Clausthal<br><em>E-Mail: <\/em><em><a href=\"mailto: Schindlermichael1@web.de\">Schindlermichael1@web.de<\/a><\/em><\/p>\n<\/div><\/div>\n\n\n\n<div class=\"wp-block-media-text is-stacked-on-mobile\" style=\"grid-template-columns:16% auto\"><figure class=\"wp-block-media-text__media\"><img loading=\"lazy\" decoding=\"async\" width=\"903\" height=\"1024\" src=\"https:\/\/oberharzer-schuetzenbund.de\/wp-content\/uploads\/2025\/03\/Sven-Kulass-903x1024.jpg\" alt=\"\" class=\"wp-image-2676 size-full\" srcset=\"https:\/\/oberharzer-schuetzenbund.de\/wp-content\/uploads\/2025\/03\/Sven-Kulass-903x1024.jpg 903w, https:\/\/oberharzer-schuetzenbund.de\/wp-content\/uploads\/2025\/03\/Sven-Kulass-265x300.jpg 265w, https:\/\/oberharzer-schuetzenbund.de\/wp-content\/uploads\/2025\/03\/Sven-Kulass-768x871.jpg 768w, https:\/\/oberharzer-schuetzenbund.de\/wp-content\/uploads\/2025\/03\/Sven-Kulass-1355x1536.jpg 1355w, https:\/\/oberharzer-schuetzenbund.de\/wp-content\/uploads\/2025\/03\/Sven-Kulass-1200x1360.jpg 1200w, https:\/\/oberharzer-schuetzenbund.de\/wp-content\/uploads\/2025\/03\/Sven-Kulass.jpg 1752w\" sizes=\"auto, (max-width: 709px) 85vw, (max-width: 909px) 67vw, (max-width: 1362px) 62vw, 840px\" \/><\/figure><div class=\"wp-block-media-text__content\">\n<p><strong>Kreisjugendleiter Sven Kula\u00df<\/strong><br>Tel. 0176 \/ 8340 7863<br>Stammverein Sch.Abt. Hahnenklee-Bockswiese<br><em>E-Mail: <\/em><a href=\"mailto:Kuligunde@gmx.de\">Kuligunde@gmx.de<\/a><\/p>\n<\/div><\/div>\n\n\n\n<div class=\"wp-block-media-text is-stacked-on-mobile\" style=\"grid-template-columns:17% auto\"><figure class=\"wp-block-media-text__media\"><img loading=\"lazy\" decoding=\"async\" width=\"732\" height=\"1024\" src=\"https:\/\/oberharzer-schuetzenbund.de\/wp-content\/uploads\/2026\/03\/Jutta-Sperling-1-732x1024.jpg\" alt=\"\" class=\"wp-image-3008 size-full\" srcset=\"https:\/\/oberharzer-schuetzenbund.de\/wp-content\/uploads\/2026\/03\/Jutta-Sperling-1-732x1024.jpg 732w, https:\/\/oberharzer-schuetzenbund.de\/wp-content\/uploads\/2026\/03\/Jutta-Sperling-1-214x300.jpg 214w, https:\/\/oberharzer-schuetzenbund.de\/wp-content\/uploads\/2026\/03\/Jutta-Sperling-1-768x1074.jpg 768w, https:\/\/oberharzer-schuetzenbund.de\/wp-content\/uploads\/2026\/03\/Jutta-Sperling-1.jpg 860w\" sizes=\"auto, (max-width: 732px) 85vw, 732px\" \/><\/figure><div class=\"wp-block-media-text__content\">\n<p><strong>Kreisdamenleiterin Jutta Sperling<br><\/strong>Tel. 0162 \/ 1376856<br>Stammverein Sch. Abt. Hahnenklee-Bockswiese<br><em>E-Mail: <\/em><a href=\"mailto:spatz1211@googlemail.com\">spatz1211@googlemail.com<\/a><\/p>\n<\/div><\/div>\n\n\n\n<div class=\"wp-block-media-text alignwide is-stacked-on-mobile\" style=\"grid-template-columns:17% auto\"><figure class=\"wp-block-media-text__media\"><img loading=\"lazy\" decoding=\"async\" width=\"277\" height=\"300\" src=\"https:\/\/oberharzer-schuetzenbund.de\/wp-content\/uploads\/2025\/02\/Jens-Burchhardt-277x300.jpg\" alt=\"\" class=\"wp-image-2639 size-medium\" srcset=\"https:\/\/oberharzer-schuetzenbund.de\/wp-content\/uploads\/2025\/02\/Jens-Burchhardt-277x300.jpg 277w, https:\/\/oberharzer-schuetzenbund.de\/wp-content\/uploads\/2025\/02\/Jens-Burchhardt.jpg 600w\" sizes=\"auto, (max-width: 277px) 85vw, 277px\" \/><\/figure><div class=\"wp-block-media-text__content\">\n<p>B<strong><strong>annertr\u00e4ger  Jens Burchhardt <\/strong><br><\/strong>Tel. 0175 \/ 9020 752<strong><br><\/strong>Stammverein BSG Lautenthal<\/p>\n<\/div><\/div>\n\n\n\n<div class=\"wp-block-media-text alignwide is-stacked-on-mobile\" style=\"grid-template-columns:17% auto\"><figure class=\"wp-block-media-text__media\"><img loading=\"lazy\" decoding=\"async\" width=\"100\" height=\"120\" src=\"https:\/\/oberharzer-schuetzenbund.de\/wp-content\/uploads\/2019\/08\/Ulrike-Peinemann-133_100-Kopie.jpg\" alt=\"\" class=\"wp-image-417 size-full\"\/><\/figure><div class=\"wp-block-media-text__content\">\n<p><strong>Chronistin Ulrike Peinemann <\/strong><br>Tel. 05328 \/ 911 801<br>Stammverein SG Buntenbock<br>E-Mail: <em><a href=\"mailto: Ulrike-Peinemann@t-online.de\">Ulrike-Peinemann@t-online.de<\/a><\/em><\/p>\n<\/div><\/div>\n\n\n\n<div class=\"wp-block-media-text alignwide is-stacked-on-mobile\" style=\"grid-template-columns:17% auto\"><figure class=\"wp-block-media-text__media\"><img loading=\"lazy\" decoding=\"async\" width=\"537\" height=\"711\" src=\"https:\/\/oberharzer-schuetzenbund.de\/wp-content\/uploads\/2024\/01\/Rolf-Koehler.jpg\" alt=\"\" class=\"wp-image-2295 size-full\" srcset=\"https:\/\/oberharzer-schuetzenbund.de\/wp-content\/uploads\/2024\/01\/Rolf-Koehler.jpg 537w, https:\/\/oberharzer-schuetzenbund.de\/wp-content\/uploads\/2024\/01\/Rolf-Koehler-227x300.jpg 227w\" sizes=\"auto, (max-width: 537px) 85vw, 537px\" \/><\/figure><div class=\"wp-block-media-text__content\">\n<p><strong>Pressewart   <strong>Rolf K\u00f6hler<\/strong> <\/strong><\/p>\n\n\n\n<p>Stammverein SG Zellerfeld<\/p>\n<\/div><\/div>\n\n\n\n<h4 class=\"wp-block-heading has-text-align-center\">Jugendsprecher<\/h4>\n\n\n\n<p><\/p>\n\n\n\n<p class=\"has-text-align-center\"><strong>Fabian Gross  <\/strong><\/p>\n\n\n\n<p class=\"has-text-align-center\">zweiter Jugendsprecher: vakant<\/p>\n\n\n\n<p><\/p>\n\n\n\n<h4 class=\"wp-block-heading has-text-align-center\">Ehrenrat<\/h4>\n\n\n\n<p class=\"has-normal-font-size\">Vorsitzender des Ehrenrates: <strong> Detlef Weichert  <\/strong><\/p>\n\n\n\n<p class=\"has-normal-font-size\">Ehrenratsmitglieder:  <strong>Helmut Leunig,  Hans Loorz<\/strong><\/p>\n\n\n\n<p>Ersatzmitglied:   <strong>Horst Hein<\/strong><\/p>\n\n\n\n<h4 class=\"wp-block-heading has-text-align-center\">Sportarzt<\/h4>\n\n\n\n<p class=\"has-text-align-center has-dark-gray-color has-text-color has-link-color wp-elements-0d19b83d3222dffaf9041a7f51b1fee0\"><strong>Dr. Lutz Dekowski  <\/strong><\/p>\n\n\n\n<p class=\"has-text-align-center has-dark-gray-color has-text-color has-link-color wp-elements-cf14ad6590ba3afec7c8468ea8c73855\">Stammverein SG Zellerfeld<\/p>\n\n\n\n<p class=\"has-text-align-center has-dark-gray-color has-text-color has-link-color has-small-font-size wp-elements-b5e8dafba77ab25e8c04d83d95669795\">Dr. Dekowski \u00fcbt dieses Amt als Internist aus.<\/p>\n\n\n\n<p><\/p>\n\n\n\n<h4 class=\"wp-block-heading has-text-align-center\"> Datenschutzbeauftragter <\/h4>\n\n\n\n<p><\/p>\n\n\n\n<p class=\"has-text-align-center\"><strong>Klaus-Dieter B\u00f6hnke<\/strong><\/p>\n\n\n\n<h4 class=\"wp-block-heading has-text-align-center\"> Webmaster <\/h4>\n\n\n\n<p><\/p>\n\n\n\n<p class=\"has-text-align-center\"><strong>Hartmut Wawrzinek<\/strong><\/p>\n\n\n\n<p><\/p>\n\n\n\n<h6 class=\"wp-block-heading has-text-align-center\">Lehrstab des Oberharzer Sch\u00fctzenbundes<\/h6>\n\n\n\n<div class=\"wp-block-media-text alignwide is-stacked-on-mobile\" style=\"grid-template-columns:16% auto\"><figure class=\"wp-block-media-text__media\"><img loading=\"lazy\" decoding=\"async\" width=\"100\" height=\"133\" src=\"https:\/\/oberharzer-schuetzenbund.de\/wp-content\/uploads\/2019\/08\/michaelpeinemann_100_133-1.jpg\" alt=\"Michael Peinemann Tel.  05328 \/ 911 801 mobil  0151 \/ 7450 6734 Stammverein SG Clausthal E-Mail: M-Peinemann@t-online.de       \" class=\"wp-image-114 size-full\"\/><\/figure><div class=\"wp-block-media-text__content\">\n<p><strong>Michael Peinemann<\/strong><br>Tel. 05328 \/ 911 801<br>mobil 0151 \/ 7450 6734<br>Stammverein SG Clausthal<br>E-Mail: <a href=\"mailto: M-Peinemann@t-online.de     \">M-Peinemann@t-online.de <\/a><\/p>\n<\/div><\/div>\n\n\n\n<div class=\"wp-block-media-text alignwide is-stacked-on-mobile\" style=\"grid-template-columns:17% auto\"><figure class=\"wp-block-media-text__media\"><img loading=\"lazy\" decoding=\"async\" width=\"458\" height=\"627\" src=\"https:\/\/oberharzer-schuetzenbund.de\/wp-content\/uploads\/2024\/01\/Otte-Rainer.jpg\" alt=\"\" class=\"wp-image-2308 size-full\" srcset=\"https:\/\/oberharzer-schuetzenbund.de\/wp-content\/uploads\/2024\/01\/Otte-Rainer.jpg 458w, https:\/\/oberharzer-schuetzenbund.de\/wp-content\/uploads\/2024\/01\/Otte-Rainer-219x300.jpg 219w\" sizes=\"auto, (max-width: 458px) 85vw, 458px\" \/><\/figure><div class=\"wp-block-media-text__content\">\n<p><strong>Rainer Otte<\/strong><br>Tel. 05323 \/ 2965<br>mobil 0175 \/ 691001<br>Stammverein SG Clausthal<br>E-Mail: <a href=\"mailto: Rainer.Otte@TU-Clausthal.de\">Rainer.Otte@TU-Clausthal.de<\/a><\/p>\n<\/div><\/div>\n\n\n\n<div class=\"wp-block-media-text alignwide is-stacked-on-mobile\" style=\"grid-template-columns:17% auto\"><figure class=\"wp-block-media-text__media\"><img loading=\"lazy\" decoding=\"async\" width=\"88\" height=\"119\" src=\"https:\/\/oberharzer-schuetzenbund.de\/wp-content\/uploads\/2019\/09\/Tobias-Kr\u00e4mer.jpg\" alt=\"Tobias Kr\u00e4mer Tel.  0176 \/ 922 687 18 Stammverein WSV Clausthal E-Mail: \" class=\"wp-image-531 size-full\"\/><\/figure><div class=\"wp-block-media-text__content\">\n<p><strong>Tobias Kr\u00e4mer<\/strong><br>Tel. <br>Stammverein WSV Clausthal<br>E-Mail: <a href=\"mailto: Tobais.Kr\u00e4mer@WSV-Clausthal.de\">Tobias.Kraemer@WSV-Clausthal.de<\/a><\/p>\n<\/div><\/div>\n\n\n\n<div class=\"wp-block-media-text alignwide is-stacked-on-mobile\" style=\"grid-template-columns:17% auto\"><figure class=\"wp-block-media-text__media\"><img loading=\"lazy\" decoding=\"async\" width=\"100\" height=\"127\" src=\"https:\/\/oberharzer-schuetzenbund.de\/wp-content\/uploads\/2019\/09\/Dr.-Gunnar-Seidel.jpg\" alt=\"Dr. Gunnar Seidel  Tel. 0176 \/ 640 315 41  Stammverein WSV Clausthal  E-Mail:  Segelaer@T-Online.de\" class=\"wp-image-532 size-full\"\/><\/figure><div class=\"wp-block-media-text__content\">\n<p><strong>Dr. Gunnar Seidel<\/strong><br><br>Stammverein WSV Clausthal<\/p>\n<\/div><\/div>\n\n\n\n<div class=\"wp-block-media-text is-stacked-on-mobile\" style=\"grid-template-columns:18% auto\"><figure class=\"wp-block-media-text__media\"><img loading=\"lazy\" decoding=\"async\" width=\"859\" height=\"1024\" src=\"https:\/\/oberharzer-schuetzenbund.de\/wp-content\/uploads\/2025\/06\/Rudolf-Morbitzer-859x1024.jpg\" alt=\"\" class=\"wp-image-2762 size-full\" srcset=\"https:\/\/oberharzer-schuetzenbund.de\/wp-content\/uploads\/2025\/06\/Rudolf-Morbitzer-859x1024.jpg 859w, https:\/\/oberharzer-schuetzenbund.de\/wp-content\/uploads\/2025\/06\/Rudolf-Morbitzer-252x300.jpg 252w, https:\/\/oberharzer-schuetzenbund.de\/wp-content\/uploads\/2025\/06\/Rudolf-Morbitzer-768x915.jpg 768w, https:\/\/oberharzer-schuetzenbund.de\/wp-content\/uploads\/2025\/06\/Rudolf-Morbitzer-1289x1536.jpg 1289w, https:\/\/oberharzer-schuetzenbund.de\/wp-content\/uploads\/2025\/06\/Rudolf-Morbitzer-1718x2048.jpg 1718w, https:\/\/oberharzer-schuetzenbund.de\/wp-content\/uploads\/2025\/06\/Rudolf-Morbitzer-1200x1430.jpg 1200w\" sizes=\"auto, (max-width: 709px) 85vw, (max-width: 909px) 67vw, (max-width: 1362px) 62vw, 840px\" \/><\/figure><div class=\"wp-block-media-text__content\">\n<p><\/p>\n\n\n\n<p style=\"font-size:15px\"><strong>Rudolf Morbitzer<\/strong><\/p>\n\n\n\n<p style=\"font-size:15px\">Stammverein SG Zellerfeld<\/p>\n\n\n\n<p style=\"font-size:15px\">E-Mail:<\/p>\n\n\n\n<p><\/p>\n<\/div><\/div>\n\n\n\n<h6 class=\"wp-block-heading has-text-align-center\">Kreisschie\u00dfsportkommission<\/h6>\n\n\n\n<div class=\"wp-block-media-text alignwide is-stacked-on-mobile\" style=\"grid-template-columns:18% auto\"><figure class=\"wp-block-media-text__media\"><img loading=\"lazy\" decoding=\"async\" width=\"100\" height=\"133\" src=\"https:\/\/oberharzer-schuetzenbund.de\/wp-content\/uploads\/2019\/08\/schindler_100_133.jpg\" alt=\"Vorsitzender Michael Schindler Tel. 05323 \/ 4494  Stammverein SG Clausthal  E-Mail:  Schindlermichael1@web.de \" class=\"wp-image-110 size-full\"\/><\/figure><div class=\"wp-block-media-text__content\">\n<p><strong>Vorsitzender: Michael Schindler<\/strong><br>Tel. 05323 \/ 4494<br>Stammverein SG Clausthal<br>E-Mail: <a href=\"mailto: Schindlermichael1@web.de\">Schindlermichael1@web.de<\/a><\/p>\n<\/div><\/div>\n\n\n\n<div class=\"wp-block-media-text alignwide is-stacked-on-mobile\" style=\"grid-template-columns:18% auto\"><figure class=\"wp-block-media-text__media\"><img loading=\"lazy\" decoding=\"async\" width=\"150\" height=\"191\" src=\"https:\/\/oberharzer-schuetzenbund.de\/wp-content\/uploads\/2019\/09\/Uwe-M\u00f6lter.jpg\" alt=\"\" class=\"wp-image-539 size-full\"\/><\/figure><div class=\"wp-block-media-text__content\">\n<p><strong>Vertreter: Uwe M\u00f6lter<\/strong><br>Tel. 05323 \/ 83522<br>Stammverein SG Zellerfeld<br>E-Mail: <a href=\"mailto: u.moelter@t-online.de\">u.moelter@t-online.de<\/a><\/p>\n<\/div><\/div>\n\n\n\n<div class=\"wp-block-media-text alignwide is-stacked-on-mobile\" style=\"grid-template-columns:18% auto\"><figure class=\"wp-block-media-text__media\"><img loading=\"lazy\" decoding=\"async\" width=\"222\" height=\"304\" src=\"https:\/\/oberharzer-schuetzenbund.de\/wp-content\/uploads\/2019\/09\/Anke-Hanstein.jpg\" alt=\"Anke Hanstein Tel. 05323 \/ 40725 Stammverein SG Clausthal E-Mail: \" class=\"wp-image-547 size-full\" srcset=\"https:\/\/oberharzer-schuetzenbund.de\/wp-content\/uploads\/2019\/09\/Anke-Hanstein.jpg 222w, https:\/\/oberharzer-schuetzenbund.de\/wp-content\/uploads\/2019\/09\/Anke-Hanstein-219x300.jpg 219w\" sizes=\"auto, (max-width: 222px) 85vw, 222px\" \/><\/figure><div class=\"wp-block-media-text__content\">\n<p><strong>Anke Hanstein<\/strong><br>Tel. 05323 \/ 40725<br>Stammverein SG Clausthal<br>E-Mail: <a href=\"mailto: AnkeHanstein@gmx.de\">AnkeHanstein@gmx.de<\/a><\/p>\n<\/div><\/div>\n\n\n\n<div class=\"wp-block-media-text alignwide is-stacked-on-mobile\" style=\"grid-template-columns:18% auto\"><figure class=\"wp-block-media-text__media\"><img loading=\"lazy\" decoding=\"async\" width=\"910\" height=\"1024\" src=\"https:\/\/oberharzer-schuetzenbund.de\/wp-content\/uploads\/2025\/06\/Silvia-910x1024.jpg\" alt=\"\" class=\"wp-image-2764 size-full\" srcset=\"https:\/\/oberharzer-schuetzenbund.de\/wp-content\/uploads\/2025\/06\/Silvia-910x1024.jpg 910w, https:\/\/oberharzer-schuetzenbund.de\/wp-content\/uploads\/2025\/06\/Silvia-267x300.jpg 267w, https:\/\/oberharzer-schuetzenbund.de\/wp-content\/uploads\/2025\/06\/Silvia-768x864.jpg 768w, https:\/\/oberharzer-schuetzenbund.de\/wp-content\/uploads\/2025\/06\/Silvia-1365x1536.jpg 1365w, https:\/\/oberharzer-schuetzenbund.de\/wp-content\/uploads\/2025\/06\/Silvia-1200x1350.jpg 1200w, https:\/\/oberharzer-schuetzenbund.de\/wp-content\/uploads\/2025\/06\/Silvia.jpg 1628w\" sizes=\"auto, (max-width: 709px) 85vw, (max-width: 909px) 67vw, (max-width: 1362px) 62vw, 840px\" \/><\/figure><div class=\"wp-block-media-text__content\">\n<p><strong>Silvia Leismann<\/strong><br>Tel. 05323 \/  <br>Stammverein SG Clausthal<br>E-Mail: <a href=\"mailto: hein-clz@t-online.de\"> <\/a><\/p>\n<\/div><\/div>\n\n\n\n<div class=\"wp-block-media-text alignwide is-stacked-on-mobile\" style=\"grid-template-columns:18% auto\"><figure class=\"wp-block-media-text__media\"><img loading=\"lazy\" decoding=\"async\" width=\"100\" height=\"133\" src=\"https:\/\/oberharzer-schuetzenbund.de\/wp-content\/uploads\/2019\/08\/boehncke_100_133-1.jpg\" alt=\"Kreisschatzmeister Klaus-Dieter B\u00f6hnke  Tel. 05325 \/ 546 010  Stammverein SG Zellerfeld  E-Mail:  kd.boehnke@gmx.net\" class=\"wp-image-115 size-full\"\/><\/figure><div class=\"wp-block-media-text__content\">\n<p><strong>Klaus-Dieter B\u00f6hnke<\/strong><br>Tel. 05325 \/ 546 010<br>Stammverein SG Zellerfeld<br><em>E-Mail: <\/em><em><a href=\"mailto: kd.boehnke@gmx.net\">kd.boehnke@gmx.net<\/a><\/em><\/p>\n<\/div><\/div>\n\n\n\n<p><\/p>\n","protected":false},"excerpt":{"rendered":"<p>gesch\u00e4ftsf\u00fchrender Vorstand Pr\u00e4sident Hartmut WawrzinekTel. 05323 \/ 78589Zellbach 36, 38678 Clausthal-Zellerfeld Stammverein SG ZellerfeldE-Mail: Hartmut@Wawrzinek.net stellvertr. Pr\u00e4sident Michael PeinemannTel. 05328 \/ 911 801mobil 0151 \/ 7450 6734Stammverein SG ClausthalE-Mail: M-Peinemann@t-online.de Kreisschatzmeister Klaus-Dieter B\u00f6hnkeTel. 05325 \/ 546 010Stammverein SG ZellerfeldE-Mail: kd.boehnke@gmx.net Kreisschriftf\u00fchrerin Alexandra SteinTel. 05323 \/ 780 51Stammverein SG ClausthalE-Mail: A.Stein-CLZ@web.de erweiterter Vorstand Kreisschie\u00dfsportleiter Michael SchindlerTel. &hellip; <a href=\"https:\/\/oberharzer-schuetzenbund.de\/?page_id=46\" class=\"more-link\"><span class=\"screen-reader-text\">\u201eVorstand\u201c <\/span>weiterlesen<\/a><\/p>\n","protected":false},"author":1,"featured_media":0,"parent":0,"menu_order":1,"comment_status":"closed","ping_status":"closed","template":"","meta":{"ngg_post_thumbnail":0,"footnotes":""},"class_list":["post-46","page","type-page","status-publish","hentry"],"_links":{"self":[{"href":"https:\/\/oberharzer-schuetzenbund.de\/index.php?rest_route=\/wp\/v2\/pages\/46","targetHints":{"allow":["GET"]}}],"collection":[{"href":"https:\/\/oberharzer-schuetzenbund.de\/index.php?rest_route=\/wp\/v2\/pages"}],"about":[{"href":"https:\/\/oberharzer-schuetzenbund.de\/index.php?rest_route=\/wp\/v2\/types\/page"}],"author":[{"embeddable":true,"href":"https:\/\/oberharzer-schuetzenbund.de\/index.php?rest_route=\/wp\/v2\/users\/1"}],"replies":[{"embeddable":true,"href":"https:\/\/oberharzer-schuetzenbund.de\/index.php?rest_route=%2Fwp%2Fv2%2Fcomments&post=46"}],"version-history":[{"count":84,"href":"https:\/\/oberharzer-schuetzenbund.de\/index.php?rest_route=\/wp\/v2\/pages\/46\/revisions"}],"predecessor-version":[{"id":3015,"href":"https:\/\/oberharzer-schuetzenbund.de\/index.php?rest_route=\/wp\/v2\/pages\/46\/revisions\/3015"}],"wp:attachment":[{"href":"https:\/\/oberharzer-schuetzenbund.de\/index.php?rest_route=%2Fwp%2Fv2%2Fmedia&parent=46"}],"curies":[{"name":"wp","href":"https:\/\/api.w.org\/{rel}","templated":true}]}}