{"id":49,"date":"2019-08-03T15:48:03","date_gmt":"2019-08-03T15:48:03","guid":{"rendered":"http:\/\/oberharzer-schuetzenbund.de\/?page_id=49"},"modified":"2026-03-15T12:17:19","modified_gmt":"2026-03-15T12:17:19","slug":"termine","status":"publish","type":"page","link":"https:\/\/oberharzer-schuetzenbund.de\/?page_id=49","title":{"rendered":"Termine"},"content":{"rendered":"\n<p class=\"has-small-font-size\" style=\"line-height:1.2\"><\/p>\n\n\n\n<h4 class=\"wp-block-heading has-text-align-center has-white-color has-vivid-red-background-color has-text-color has-background\">2026<\/h4>\n\n\n\n<p class=\"has-small-font-size\" style=\"line-height:1.2\">\u00c4nderungen bleiben vorbehalten, aktualisiert am 04.03.26<\/p>\n\n\n\n<pre class=\"wp-block-preformatted has-dark-gray-color has-text-color has-link-color has-small-font-size wp-elements-4da6d8d71f5f91a189d5a8511958f108\">07.01  <strong>Fristablauf<\/strong> f\u00fcr Einladungen\/Termine\/Jubil\u00e4en und Ehrungsantr\u00e4ge beim NSSV<br>13.01. <strong>Kreisliga <\/strong>ab 19:00 SG Zellerfeld  (letzter Durchgang)<br>18.01. Sportlerehrung NSSV<br><br>14.02. <strong>KM<\/strong> Luftpistole-Auflage in Zellerfeld<br>21.02. <strong>KM<\/strong> Luftpistole sowie LG (Freihand) in Clausthal<br>       sollte ein(e) Sch\u00fctze(in) beide Disziplinen schie\u00dfen, wird <br>       nach Absprache mit d. KSSL ein weiterer Termin festgelegt<br><br>07.03. <strong>KM<\/strong> LG-Auflage in Clausthal<br>14.03. <strong>Delegiertenversammlung des OHS<\/strong> um 14:00 in Hahnenklee-Bockswiese<br>16.03. <strong>K<strong>M<\/strong><\/strong> KK Sportpistole Auflage-Pr\u00e4zision 25m in Zellerfeld<br>20.03. <strong>KM<\/strong> Blasrohr in Zellerfeld<br>21.03  <strong>KM<\/strong> LG-Auflage <strong>sitzend <\/strong>in Clausthal<br>30.03. <strong>KM <\/strong>KK-Unterhebelgewehr in Zellerfeld<br><br>10.04. <strong>KM<\/strong> KK-Gewehr Auflage 100 m in <strong>Hannover <\/strong>ab 15:00 Uhr<br>11.04. <strong>NSSV Gesamtvorstandssitzung<\/strong> in Hannover  <br>15.04. <strong>KM<\/strong> 50m Freie KK-Pistole + Freie KK-Pistole Auflage in Clausthal <br>18.04. <strong>KM<\/strong> KK-Gewehr Auflage 50 m in Clausthal<br>24.+25.04. <strong>Landessch\u00fctzentag <\/strong>in Gifhorn<br>25.04. <strong>KM<\/strong> KK-Gewehr Auflage <strong>sitzend <\/strong>50 m in Zellerfeld<br><br>09.05. <strong>Bundesschie\u00dfen<\/strong> in Lautenthal<br><br>12.09. <strong>Kreisk\u00f6nigsschie\u00dfen<\/strong> in Buntenbock<br><br>Oktob. <strong>NSSV Gesamtvorstandssitzung<\/strong> (der genaue Termin steht noch nicht fest)<br>24.10. <strong>Vergleichsschie\u00dfen<\/strong> der Sch\u00fctzenv\u00f6gte <br>       und Schie\u00dfsportleiter in Hahnenklee <br><br><\/pre>\n\n\n\n<h4 class=\"wp-block-heading has-text-align-center has-white-color has-vivid-red-background-color has-text-color has-background\">2027<\/h4>\n\n\n\n<p class=\"has-small-font-size\">\u00c4nderungen bleiben vorbehalten, aktualisiert am 15.3.26<\/p>\n\n\n\n<pre class=\"wp-block-preformatted has-small-font-size\"><br>13.03. <strong>Delegiertenversammlung<\/strong> 14:00 Uhr in den R\u00e4umen der SG Clausthal <br>       Gastgeber ist die SG Buntenbock<br><\/pre>\n","protected":false},"excerpt":{"rendered":"<p>2026 \u00c4nderungen bleiben vorbehalten, aktualisiert am 04.03.26 07.01 Fristablauf f\u00fcr Einladungen\/Termine\/Jubil\u00e4en und Ehrungsantr\u00e4ge beim NSSV13.01. Kreisliga ab 19:00 SG Zellerfeld (letzter Durchgang)18.01. Sportlerehrung NSSV14.02. KM Luftpistole-Auflage in Zellerfeld21.02. KM Luftpistole sowie LG (Freihand) in Clausthal sollte ein(e) Sch\u00fctze(in) beide Disziplinen schie\u00dfen, wird nach Absprache mit d. KSSL ein weiterer Termin festgelegt07.03. KM LG-Auflage in Clausthal14.03. &hellip; <a href=\"https:\/\/oberharzer-schuetzenbund.de\/?page_id=49\" class=\"more-link\"><span class=\"screen-reader-text\">\u201eTermine\u201c <\/span>weiterlesen<\/a><\/p>\n","protected":false},"author":1,"featured_media":0,"parent":0,"menu_order":0,"comment_status":"closed","ping_status":"closed","template":"","meta":{"ngg_post_thumbnail":0,"footnotes":""},"class_list":["post-49","page","type-page","status-publish","hentry"],"_links":{"self":[{"href":"https:\/\/oberharzer-schuetzenbund.de\/index.php?rest_route=\/wp\/v2\/pages\/49","targetHints":{"allow":["GET"]}}],"collection":[{"href":"https:\/\/oberharzer-schuetzenbund.de\/index.php?rest_route=\/wp\/v2\/pages"}],"about":[{"href":"https:\/\/oberharzer-schuetzenbund.de\/index.php?rest_route=\/wp\/v2\/types\/page"}],"author":[{"embeddable":true,"href":"https:\/\/oberharzer-schuetzenbund.de\/index.php?rest_route=\/wp\/v2\/users\/1"}],"replies":[{"embeddable":true,"href":"https:\/\/oberharzer-schuetzenbund.de\/index.php?rest_route=%2Fwp%2Fv2%2Fcomments&post=49"}],"version-history":[{"count":111,"href":"https:\/\/oberharzer-schuetzenbund.de\/index.php?rest_route=\/wp\/v2\/pages\/49\/revisions"}],"predecessor-version":[{"id":3005,"href":"https:\/\/oberharzer-schuetzenbund.de\/index.php?rest_route=\/wp\/v2\/pages\/49\/revisions\/3005"}],"wp:attachment":[{"href":"https:\/\/oberharzer-schuetzenbund.de\/index.php?rest_route=%2Fwp%2Fv2%2Fmedia&parent=49"}],"curies":[{"name":"wp","href":"https:\/\/api.w.org\/{rel}","templated":true}]}}